{"id":22556,"date":"2025-03-08T08:33:04","date_gmt":"2025-03-08T07:33:04","guid":{"rendered":"https:\/\/www.rasc.es\/blogacademia\/?page_id=22556"},"modified":"2025-03-21T18:17:29","modified_gmt":"2025-03-21T17:17:29","slug":"quienes-somos","status":"publish","type":"page","link":"https:\/\/www.rasc.es\/blogacademia\/?page_id=22556","title":{"rendered":"Qui\u00e9nes somos"},"content":{"rendered":"\t\t<div data-elementor-type=\"wp-page\" data-elementor-id=\"22556\" class=\"elementor elementor-22556\" data-elementor-post-type=\"page\">\n\t\t\t\t<div class=\"elementor-element elementor-element-fda81e1 e-flex e-con-boxed e-con e-parent\" data-id=\"fda81e1\" data-element_type=\"container\" data-settings=\"{&quot;background_background&quot;:&quot;classic&quot;}\">\n\t\t\t\t\t<div class=\"e-con-inner\">\n\t\t\t\t\t<\/div>\n\t\t\t\t<\/div>\n\t\t<div class=\"elementor-element elementor-element-ff570d1 e-flex e-con-boxed e-con e-parent\" data-id=\"ff570d1\" data-element_type=\"container\">\n\t\t\t\t\t<div class=\"e-con-inner\">\n\t\t\t\t<div class=\"elementor-element elementor-element-86b847e elementor-widget elementor-widget-text-editor\" data-id=\"86b847e\" data-element_type=\"widget\" data-widget_type=\"text-editor.default\">\n\t\t\t\t<div class=\"elementor-widget-container\">\n\t\t\t\t\t\t\t\t\t<h2><strong>Director<\/strong><\/h2><p><strong><a href=\"https:\/\/personal.us.es\/duran\/\"><span style=\"color: #800080;\">Antonio J. Dur\u00e1n<\/span><\/a><br \/><\/strong><span style=\"font-size: 16px;\">Catedr\u00e1tico de matem\u00e1ticas de la Universidad de Sevilla, escritor y acad\u00e9mico de n\u00famero de la RASC. Tiene una larga trayectoria como historiador y divulgador de las matem\u00e1ticas y la ciencia. En este sentido ha publicado libros como <\/span><em style=\"font-size: 16px;\">Pasiones, piojos, dioses\u2026 o matem\u00e1ticas<\/em><span style=\"font-size: 16px;\"> (Destino, 2009), <\/span><em style=\"font-size: 16px;\">El ojo de Shiva, el sue\u00f1o de Mahoma, Simbad&#8230; y los n\u00fameros <\/em><span style=\"font-size: 16px;\">(Destino, 2012), <\/span><em style=\"font-size: 16px;\">El universo sobre nosotros<\/em><span style=\"font-size: 16px;\">, (Cr\u00edtica, 2015) o <\/span><em style=\"font-size: 16px;\">Cr\u00f3nicas matem\u00e1ticas<\/em><span style=\"font-size: 16px;\"> (Cr\u00edtica, 2018).<\/span><\/p><h2><strong>Secciones<\/strong><\/h2><h4><strong>Materia<br \/><\/strong><strong>Redactores jefe: <\/strong><\/h4><ul><li>Ad\u00e1n Cabello Quintero (acad\u00e9mico electo Secci\u00f3n de F\u00edsica).<\/li><li>Jos\u00e9 Manuel Garc\u00eda Fern\u00e1ndez (acad\u00e9mico de n\u00famero Secci\u00f3n de Qu\u00edmica).<\/li><li>Antonio Ramos Reyes (acad\u00e9mico electo Secci\u00f3n de F\u00edsica).<\/li><li>Agust\u00edn Rodr\u00edguez Gonz\u00e1lez-Elipe (acad\u00e9mico de n\u00famero Secci\u00f3n de Qu\u00edmica).<\/li><\/ul><h4><strong>Vida<br \/><\/strong><strong>Redactores jefe: <\/strong><\/h4><ul><li>Ana Guti\u00e9rrez Su\u00e1rez (acad\u00e9mica electa Secci\u00f3n de Ciencias de la Tierra)<\/li><li>Jos\u00e9 L\u00f3pez Barneo\u00a0(acad\u00e9mico de n\u00famero Secci\u00f3n de Biolog\u00eda).<\/li><li>Francisco Ruiz Mu\u00f1oz (acad\u00e9mico electo Secci\u00f3n de Ciencias de la Tierra)<\/li><li>Benito Vald\u00e9s Castrill\u00f3n (acad\u00e9mico de n\u00famero Secci\u00f3n de Biolog\u00eda).<\/li><\/ul><h4><strong>T\u00e9cnica<br \/><\/strong><strong>Redactores jefe: <\/strong><\/h4><ul><li>Javier Aracil Santonja (acad\u00e9mico de n\u00famero Secci\u00f3n de Tecnolog\u00eda).<\/li><li>Antonio G\u00f3mez Exp\u00f3sito (acad\u00e9mico de n\u00famero Secci\u00f3n de Tecnolog\u00eda).<\/li><\/ul><h4><strong>Mathema<br \/><\/strong><strong>Redactor jefe: <\/strong><\/h4><ul><li>Enrique Fern\u00e1ndez Cara (acad\u00e9mico de n\u00famero Secci\u00f3n de Matem\u00e1ticas).<\/li><\/ul><h4><strong>Actualidad<br \/><\/strong><strong>Equipo de redacci\u00f3n:<\/strong><\/h4><ul><li>Director del Blog y Redactores jefe de la Secciones Materia, Vida, T\u00e9cnica y Mathema.<\/li><\/ul>\t\t\t\t\t\t\t\t<\/div>\n\t\t\t\t<\/div>\n\t\t\t\t\t<\/div>\n\t\t\t\t<\/div>\n\t\t<div class=\"elementor-element elementor-element-673d3a5 e-flex e-con-boxed e-con e-parent\" data-id=\"673d3a5\" data-element_type=\"container\">\n\t\t\t\t\t<div class=\"e-con-inner\">\n\t\t\t\t<div class=\"elementor-element elementor-element-f88980b elementor-widget elementor-widget-text-editor\" data-id=\"f88980b\" data-element_type=\"widget\" data-widget_type=\"text-editor.default\">\n\t\t\t\t<div class=\"elementor-widget-container\">\n\t\t\t\t\t\t\t\t\t<p><em>NOTAS ACLARATORIAS:<\/em><\/p><ol><li><em>Las opiniones expresadas en las entradas de este Blog son responsabilidad de sus autores y no reflejan la opini\u00f3n de la Real Academia Sevilla de Ciencias. <\/em><\/li><li><em>Siempre que nos es posible, tratamos de ilustrar el blog con im\u00e1genes libres de derechos (Dominio P\u00fablico o Licencia Creative Commons). En otras ocasiones nos acogemos a la excepci\u00f3n del derecho de autor\u00eda por ser una publicaci\u00f3n dedicada a la divulgaci\u00f3n en el marco de una instituci\u00f3n acad\u00e9mica, indicando el nombre del autor. <\/em><em style=\"font-size: 16px;\">No obstante, si alguna persona u organizaci\u00f3n viera lesionados sus derechos por la publicaci\u00f3n en nuestro blog de alguna imagen, le rogamos se ponga en contacto con nosotros para retirarla o resolver el conflicto.<\/em><\/li><\/ol>\t\t\t\t\t\t\t\t<\/div>\n\t\t\t\t<\/div>\n\t\t\t\t\t<\/div>\n\t\t\t\t<\/div>\n\t\t\t\t<\/div>\n\t\t","protected":false},"excerpt":{"rendered":"<p>Director Antonio J. Dur\u00e1nCatedr\u00e1tico de matem\u00e1ticas de la Universidad de Sevilla, escritor y acad\u00e9mico de n\u00famero de la RASC. Tiene una larga trayectoria como historiador y divulgador de las matem\u00e1ticas y la ciencia. En este sentido ha publicado libros como Pasiones, piojos, dioses\u2026 o matem\u00e1ticas (Destino, 2009), El ojo de Shiva, el sue\u00f1o de Mahoma, [&hellip;]<\/p>\n","protected":false},"author":44,"featured_media":0,"parent":0,"menu_order":0,"comment_status":"closed","ping_status":"closed","template":"","meta":{"_uag_custom_page_level_css":"","site-sidebar-layout":"no-sidebar","site-content-layout":"page-builder","ast-site-content-layout":"full-width-container","site-content-style":"default","site-sidebar-style":"default","ast-global-header-display":"","ast-banner-title-visibility":"","ast-main-header-display":"","ast-hfb-above-header-display":"","ast-hfb-below-header-display":"","ast-hfb-mobile-header-display":"","site-post-title":"disabled","ast-breadcrumbs-content":"","ast-featured-img":"disabled","footer-sml-layout":"","theme-transparent-header-meta":"","adv-header-id-meta":"","stick-header-meta":"","header-above-stick-meta":"","header-main-stick-meta":"","header-below-stick-meta":"","astra-migrate-meta-layouts":"default","ast-page-background-enabled":"default","ast-page-background-meta":{"desktop":{"background-color":"","background-image":"","background-repeat":"repeat","background-position":"center center","background-size":"auto","background-attachment":"scroll","background-type":"","background-media":"","overlay-type":"","overlay-color":"","overlay-opacity":"","overlay-gradient":""},"tablet":{"background-color":"","background-image":"","background-repeat":"repeat","background-position":"center center","background-size":"auto","background-attachment":"scroll","background-type":"","background-media":"","overlay-type":"","overlay-color":"","overlay-opacity":"","overlay-gradient":""},"mobile":{"background-color":"","background-image":"","background-repeat":"repeat","background-position":"center center","background-size":"auto","background-attachment":"scroll","background-type":"","background-media":"","overlay-type":"","overlay-color":"","overlay-opacity":"","overlay-gradient":""}},"ast-content-background-meta":{"desktop":{"background-color":"var(--ast-global-color-5)","background-image":"","background-repeat":"repeat","background-position":"center center","background-size":"auto","background-attachment":"scroll","background-type":"","background-media":"","overlay-type":"","overlay-color":"","overlay-opacity":"","overlay-gradient":""},"tablet":{"background-color":"var(--ast-global-color-5)","background-image":"","background-repeat":"repeat","background-position":"center center","background-size":"auto","background-attachment":"scroll","background-type":"","background-media":"","overlay-type":"","overlay-color":"","overlay-opacity":"","overlay-gradient":""},"mobile":{"background-color":"var(--ast-global-color-5)","background-image":"","background-repeat":"repeat","background-position":"center center","background-size":"auto","background-attachment":"scroll","background-type":"","background-media":"","overlay-type":"","overlay-color":"","overlay-opacity":"","overlay-gradient":""}},"footnotes":""},"class_list":["post-22556","page","type-page","status-publish","hentry"],"uagb_featured_image_src":{"full":false,"thumbnail":false,"medium":false,"medium_large":false,"large":false,"1536x1536":false,"2048x2048":false,"bdpp-medium":false},"uagb_author_info":{"display_name":"aggnet12","author_link":"https:\/\/www.rasc.es\/blogacademia\/?author=44"},"uagb_comment_info":0,"uagb_excerpt":"Director Antonio J. Dur\u00e1nCatedr\u00e1tico de matem\u00e1ticas de la Universidad de Sevilla, escritor y acad\u00e9mico de n\u00famero de la RASC. Tiene una larga trayectoria como historiador y divulgador de las matem\u00e1ticas y la ciencia. En este sentido ha publicado libros como Pasiones, piojos, dioses\u2026 o matem\u00e1ticas (Destino, 2009), El ojo de Shiva, el sue\u00f1o de Mahoma,&hellip;","jetpack_sharing_enabled":true,"_links":{"self":[{"href":"https:\/\/www.rasc.es\/blogacademia\/index.php?rest_route=\/wp\/v2\/pages\/22556","targetHints":{"allow":["GET"]}}],"collection":[{"href":"https:\/\/www.rasc.es\/blogacademia\/index.php?rest_route=\/wp\/v2\/pages"}],"about":[{"href":"https:\/\/www.rasc.es\/blogacademia\/index.php?rest_route=\/wp\/v2\/types\/page"}],"author":[{"embeddable":true,"href":"https:\/\/www.rasc.es\/blogacademia\/index.php?rest_route=\/wp\/v2\/users\/44"}],"replies":[{"embeddable":true,"href":"https:\/\/www.rasc.es\/blogacademia\/index.php?rest_route=%2Fwp%2Fv2%2Fcomments&post=22556"}],"version-history":[{"count":54,"href":"https:\/\/www.rasc.es\/blogacademia\/index.php?rest_route=\/wp\/v2\/pages\/22556\/revisions"}],"predecessor-version":[{"id":23240,"href":"https:\/\/www.rasc.es\/blogacademia\/index.php?rest_route=\/wp\/v2\/pages\/22556\/revisions\/23240"}],"wp:attachment":[{"href":"https:\/\/www.rasc.es\/blogacademia\/index.php?rest_route=%2Fwp%2Fv2%2Fmedia&parent=22556"}],"curies":[{"name":"wp","href":"https:\/\/api.w.org\/{rel}","templated":true}]}}